{"id":76983,"date":"2020-01-16T04:55:41","date_gmt":"2020-01-16T04:55:41","guid":{"rendered":"https:\/\/www.mako.com.mx\/en\/?post_type=product&#038;p=76983"},"modified":"2020-01-16T04:55:42","modified_gmt":"2020-01-16T04:55:42","slug":"tcs-700-rotary-meter-with-gaspar-record","status":"publish","type":"product","link":"https:\/\/www.mako.com.mx\/en\/gas-solutions\/tcs-700-rotary-meter-with-gaspar-record\/","title":{"rendered":"TCS 700 Rotary Meter with Gaspar Record"},"content":{"rendered":"<p>Los medidores de caudal Serie 700 de TCS cuentan con un dise\u00f1o de medici\u00f3n sencillo y muy eficiente que consta de una carcasa y tres rotores que giran sincronizadamente dentro de la c\u00e1mara de medici\u00f3n. La ausencia de desgaste, sin contacto de metal con metal dentro de la c\u00e1mara, elimina cualquier reducci\u00f3n de la exactitud y proporciona una larga vida.  <\/p>\n<p>Los rotores est\u00e1n soportados por cojinetes insertados en dos placas de apoyo, en donde en el extremo de cada eje del rotor hay un engran de sincronizaci\u00f3n. La rotaci\u00f3n sincronizada entre cada rotor se transfiere luego a trav\u00e9s del ajustador de calibraci\u00f3n para el registro, que proporciona una medici\u00f3n consistente y superior de precisi\u00f3n.<\/p>\n<h3 class=\"text-left\">Especificaciones<\/h3>\n<p><\/p>\n<p><strong>Flujo:<\/strong> Puede medir su flujo en ambas direcciones hasta 3,785 Litros por Minuto (1,000 GPM)<br \/>\n<strong>Precisi\u00f3n Lineal:<\/strong> Capaz de \u00b1 0,15% sobre la gama del flujo completo<br \/>\n<strong>Repetibilidad:<\/strong> Capaz de 0,02% (condiciones de funcionamiento constantes con medidores 700 SP y registro mec\u00e1nico, flu\u00eddo de prueba 1 CPS)<br \/>\n<strong>Viscosidad:<\/strong> Medir con precisi\u00f3n hasta 1.500.000 SSU (325.000 CPS)<br \/>\n<strong>Temperatura:<\/strong> &#8211; 40 to 160\u00b0F (- 40 to 71\u00b0C)<br \/>\n<strong>Homolagaciones:<\/strong> Cumple con una gama amplia de requerimientos de pesos y medidas del mundo.<br \/>\n1368\/5000<br \/>\nThe TCS 700 Series flow meters feature a simple and very efficient measurement design consisting of a housing and three rotors that rotate synchronously inside the measurement chamber. The absence of wear, without metal-to-metal contact inside the chamber, eliminates any reduction in accuracy and provides a long life.<\/p>\n<p>The rotors are supported by bearings inserted in two support plates, where at the end of each rotor shaft there is a synchronization gear. Synchronized rotation between each rotor is then transferred through the calibration adjuster for registration, which provides a consistent and superior measurement of accuracy.<\/p>\n<h3 class = \"text-left\"> Specifications <\/h3>\n<p><\/p>\n<p><strong> Flow: <\/strong> You can measure your flow in both directions up to 3,785 Liters per Minute (1,000 GPM) <br \/>\n<strong> Linear Accuracy: <\/strong> Capable of \u00b1 0.15% over the full flow range <br \/>\n<strong> Repeatability: <\/strong> Capable of 0.02% (constant operating conditions with 700 SP meters and mechanical register, 1 CPS test fluid) <br \/>\n<strong> Viscosity: <\/strong> Accurately measure up to 1,500,000 SSU (325,000 CPS)<br \/>\n<strong> Temperature: <\/strong> &#8211; 40 to 160 \u00b0 F (- 40 to 71 \u00b0 C) <br \/>\n<strong> Homolagaciones: <\/strong> Meets a wide range of world weight and measurement requirements.<br \/>\nEnviar comentarios<br \/>\nHistorial<br \/>\nGuardadas<br \/>\nComunidad<\/p>\n","protected":false},"excerpt":{"rendered":"<p>Total Control Systems 700 Series rotary flow meters offer an excellent combination of precision with minimal pressure drop.<\/p>\n<p>The TCS 700 models are compact in size and lightweight in design. They are built with advanced materials in addition to a complete selection of accessories, these meters offer a wide range of applications with a minimum of maintenance and great durability.<\/p>\n","protected":false},"featured_media":76975,"comment_status":"closed","ping_status":"closed","template":"","meta":[],"product_cat":[67,76,133,132],"product_tag":[],"yoast_head":"<!-- This site is optimized with the Yoast SEO plugin v19.0 - https:\/\/yoast.com\/wordpress\/plugins\/seo\/ -->\n<title>TCS 700 Rotary Meter with Gaspar Record - Mako Internacional<\/title>\n<meta name=\"description\" content=\"TCS 700 Rotary Meter with Gaspar Record\" \/>\n<meta name=\"robots\" content=\"index, follow, max-snippet:-1, max-image-preview:large, max-video-preview:-1\" \/>\n<link rel=\"canonical\" href=\"https:\/\/www.mako.com.mx\/en\/gas-solutions\/tcs-700-rotary-meter-with-gaspar-record\/\" \/>\n<meta property=\"og:locale\" content=\"en_US\" \/>\n<meta property=\"og:type\" content=\"article\" \/>\n<meta property=\"og:title\" content=\"TCS 700 Rotary Meter with Gaspar Record\" \/>\n<meta property=\"og:description\" content=\"TCS 700 Rotary Meter with Gaspar Record\" \/>\n<meta property=\"og:url\" content=\"https:\/\/www.mako.com.mx\/en\/gas-solutions\/tcs-700-rotary-meter-with-gaspar-record\/\" \/>\n<meta property=\"og:site_name\" content=\"Mako Internacional\" \/>\n<meta property=\"article:publisher\" content=\"https:\/\/www.facebook.com\/MakoInternacionalMx\/\" \/>\n<meta property=\"article:modified_time\" content=\"2020-01-16T04:55:42+00:00\" \/>\n<meta property=\"og:image\" content=\"https:\/\/www.mako.com.mx\/en\/wp-content\/uploads\/2020\/01\/tcs-700-medidor-rotativo-con-registro-gaspar-min.jpg\" \/>\n\t<meta property=\"og:image:width\" content=\"600\" \/>\n\t<meta property=\"og:image:height\" content=\"600\" \/>\n\t<meta property=\"og:image:type\" content=\"image\/jpeg\" \/>\n<meta name=\"twitter:card\" content=\"summary_large_image\" \/>\n<meta name=\"twitter:title\" content=\"TCS 700 Rotary Meter with Gaspar Record\" \/>\n<meta name=\"twitter:description\" content=\"TCS 700 Rotary Meter with Gaspar Record\" \/>\n<meta name=\"twitter:image\" content=\"https:\/\/www.mako.com.mx\/en\/wp-content\/uploads\/2020\/01\/tcs-700-medidor-rotativo-con-registro-gaspar-min.jpg\" \/>\n<meta name=\"twitter:site\" content=\"@makointernacion\" \/>\n<meta name=\"twitter:label1\" content=\"Est. reading time\" \/>\n\t<meta name=\"twitter:data1\" content=\"2 minutes\" \/>\n<script type=\"application\/ld+json\" class=\"yoast-schema-graph\">{\"@context\":\"https:\/\/schema.org\",\"@graph\":[{\"@type\":\"Organization\",\"@id\":\"https:\/\/www.mako.com.mx\/en\/#organization\",\"name\":\"Mako Internacional\",\"url\":\"https:\/\/www.mako.com.mx\/en\/\",\"sameAs\":[\"https:\/\/www.linkedin.com\/company\/mako-internacional?originalSubdomain=mx\",\"https:\/\/www.facebook.com\/MakoInternacionalMx\/\",\"https:\/\/twitter.com\/makointernacion\"],\"logo\":{\"@type\":\"ImageObject\",\"inLanguage\":\"en-US\",\"@id\":\"https:\/\/www.mako.com.mx\/en\/#\/schema\/logo\/image\/\",\"url\":\"https:\/\/www.mako.com.mx\/en\/wp-content\/uploads\/2018\/11\/logo-mako-internacional-01-min.jpg\",\"contentUrl\":\"https:\/\/www.mako.com.mx\/en\/wp-content\/uploads\/2018\/11\/logo-mako-internacional-01-min.jpg\",\"width\":400,\"height\":152,\"caption\":\"Mako Internacional\"},\"image\":{\"@id\":\"https:\/\/www.mako.com.mx\/en\/#\/schema\/logo\/image\/\"}},{\"@type\":\"WebSite\",\"@id\":\"https:\/\/www.mako.com.mx\/en\/#website\",\"url\":\"https:\/\/www.mako.com.mx\/en\/\",\"name\":\"Mako Internacional\",\"description\":\"\",\"publisher\":{\"@id\":\"https:\/\/www.mako.com.mx\/en\/#organization\"},\"potentialAction\":[{\"@type\":\"SearchAction\",\"target\":{\"@type\":\"EntryPoint\",\"urlTemplate\":\"https:\/\/www.mako.com.mx\/en\/?s={search_term_string}\"},\"query-input\":\"required name=search_term_string\"}],\"inLanguage\":\"en-US\"},{\"@type\":\"ImageObject\",\"inLanguage\":\"en-US\",\"@id\":\"https:\/\/www.mako.com.mx\/en\/gas-solutions\/tcs-700-rotary-meter-with-gaspar-record\/#primaryimage\",\"url\":\"https:\/\/www.mako.com.mx\/en\/wp-content\/uploads\/2020\/01\/tcs-700-medidor-rotativo-con-registro-gaspar-min.jpg\",\"contentUrl\":\"https:\/\/www.mako.com.mx\/en\/wp-content\/uploads\/2020\/01\/tcs-700-medidor-rotativo-con-registro-gaspar-min.jpg\",\"width\":600,\"height\":600,\"caption\":\"TCS 700 Rotary Meter with Gaspar Record\"},{\"@type\":\"WebPage\",\"@id\":\"https:\/\/www.mako.com.mx\/en\/gas-solutions\/tcs-700-rotary-meter-with-gaspar-record\/#webpage\",\"url\":\"https:\/\/www.mako.com.mx\/en\/gas-solutions\/tcs-700-rotary-meter-with-gaspar-record\/\",\"name\":\"TCS 700 Rotary Meter with Gaspar Record - Mako Internacional\",\"isPartOf\":{\"@id\":\"https:\/\/www.mako.com.mx\/en\/#website\"},\"primaryImageOfPage\":{\"@id\":\"https:\/\/www.mako.com.mx\/en\/gas-solutions\/tcs-700-rotary-meter-with-gaspar-record\/#primaryimage\"},\"datePublished\":\"2020-01-16T04:55:41+00:00\",\"dateModified\":\"2020-01-16T04:55:42+00:00\",\"description\":\"TCS 700 Rotary Meter with Gaspar Record\",\"breadcrumb\":{\"@id\":\"https:\/\/www.mako.com.mx\/en\/gas-solutions\/tcs-700-rotary-meter-with-gaspar-record\/#breadcrumb\"},\"inLanguage\":\"en-US\",\"potentialAction\":[{\"@type\":\"ReadAction\",\"target\":[\"https:\/\/www.mako.com.mx\/en\/gas-solutions\/tcs-700-rotary-meter-with-gaspar-record\/\"]}]},{\"@type\":\"BreadcrumbList\",\"@id\":\"https:\/\/www.mako.com.mx\/en\/gas-solutions\/tcs-700-rotary-meter-with-gaspar-record\/#breadcrumb\",\"itemListElement\":[{\"@type\":\"ListItem\",\"position\":1,\"name\":\"Portada\",\"item\":\"https:\/\/www.mako.com.mx\/en\/\"},{\"@type\":\"ListItem\",\"position\":2,\"name\":\"\"},{\"@type\":\"ListItem\",\"position\":3,\"name\":\"TCS 700 Rotary Meter with Gaspar Record\"}]}]}<\/script>\n<!-- \/ Yoast SEO plugin. -->","yoast_head_json":{"title":"TCS 700 Rotary Meter with Gaspar Record - Mako Internacional","description":"TCS 700 Rotary Meter with Gaspar Record","robots":{"index":"index","follow":"follow","max-snippet":"max-snippet:-1","max-image-preview":"max-image-preview:large","max-video-preview":"max-video-preview:-1"},"canonical":"https:\/\/www.mako.com.mx\/en\/gas-solutions\/tcs-700-rotary-meter-with-gaspar-record\/","og_locale":"en_US","og_type":"article","og_title":"TCS 700 Rotary Meter with Gaspar Record","og_description":"TCS 700 Rotary Meter with Gaspar Record","og_url":"https:\/\/www.mako.com.mx\/en\/gas-solutions\/tcs-700-rotary-meter-with-gaspar-record\/","og_site_name":"Mako Internacional","article_publisher":"https:\/\/www.facebook.com\/MakoInternacionalMx\/","article_modified_time":"2020-01-16T04:55:42+00:00","og_image":[{"width":600,"height":600,"url":"https:\/\/www.mako.com.mx\/en\/wp-content\/uploads\/2020\/01\/tcs-700-medidor-rotativo-con-registro-gaspar-min.jpg","type":"image\/jpeg"}],"twitter_card":"summary_large_image","twitter_title":"TCS 700 Rotary Meter with Gaspar Record","twitter_description":"TCS 700 Rotary Meter with Gaspar Record","twitter_image":"https:\/\/www.mako.com.mx\/en\/wp-content\/uploads\/2020\/01\/tcs-700-medidor-rotativo-con-registro-gaspar-min.jpg","twitter_site":"@makointernacion","twitter_misc":{"Est. reading time":"2 minutes"},"schema":{"@context":"https:\/\/schema.org","@graph":[{"@type":"Organization","@id":"https:\/\/www.mako.com.mx\/en\/#organization","name":"Mako Internacional","url":"https:\/\/www.mako.com.mx\/en\/","sameAs":["https:\/\/www.linkedin.com\/company\/mako-internacional?originalSubdomain=mx","https:\/\/www.facebook.com\/MakoInternacionalMx\/","https:\/\/twitter.com\/makointernacion"],"logo":{"@type":"ImageObject","inLanguage":"en-US","@id":"https:\/\/www.mako.com.mx\/en\/#\/schema\/logo\/image\/","url":"https:\/\/www.mako.com.mx\/en\/wp-content\/uploads\/2018\/11\/logo-mako-internacional-01-min.jpg","contentUrl":"https:\/\/www.mako.com.mx\/en\/wp-content\/uploads\/2018\/11\/logo-mako-internacional-01-min.jpg","width":400,"height":152,"caption":"Mako Internacional"},"image":{"@id":"https:\/\/www.mako.com.mx\/en\/#\/schema\/logo\/image\/"}},{"@type":"WebSite","@id":"https:\/\/www.mako.com.mx\/en\/#website","url":"https:\/\/www.mako.com.mx\/en\/","name":"Mako Internacional","description":"","publisher":{"@id":"https:\/\/www.mako.com.mx\/en\/#organization"},"potentialAction":[{"@type":"SearchAction","target":{"@type":"EntryPoint","urlTemplate":"https:\/\/www.mako.com.mx\/en\/?s={search_term_string}"},"query-input":"required name=search_term_string"}],"inLanguage":"en-US"},{"@type":"ImageObject","inLanguage":"en-US","@id":"https:\/\/www.mako.com.mx\/en\/gas-solutions\/tcs-700-rotary-meter-with-gaspar-record\/#primaryimage","url":"https:\/\/www.mako.com.mx\/en\/wp-content\/uploads\/2020\/01\/tcs-700-medidor-rotativo-con-registro-gaspar-min.jpg","contentUrl":"https:\/\/www.mako.com.mx\/en\/wp-content\/uploads\/2020\/01\/tcs-700-medidor-rotativo-con-registro-gaspar-min.jpg","width":600,"height":600,"caption":"TCS 700 Rotary Meter with Gaspar Record"},{"@type":"WebPage","@id":"https:\/\/www.mako.com.mx\/en\/gas-solutions\/tcs-700-rotary-meter-with-gaspar-record\/#webpage","url":"https:\/\/www.mako.com.mx\/en\/gas-solutions\/tcs-700-rotary-meter-with-gaspar-record\/","name":"TCS 700 Rotary Meter with Gaspar Record - Mako Internacional","isPartOf":{"@id":"https:\/\/www.mako.com.mx\/en\/#website"},"primaryImageOfPage":{"@id":"https:\/\/www.mako.com.mx\/en\/gas-solutions\/tcs-700-rotary-meter-with-gaspar-record\/#primaryimage"},"datePublished":"2020-01-16T04:55:41+00:00","dateModified":"2020-01-16T04:55:42+00:00","description":"TCS 700 Rotary Meter with Gaspar Record","breadcrumb":{"@id":"https:\/\/www.mako.com.mx\/en\/gas-solutions\/tcs-700-rotary-meter-with-gaspar-record\/#breadcrumb"},"inLanguage":"en-US","potentialAction":[{"@type":"ReadAction","target":["https:\/\/www.mako.com.mx\/en\/gas-solutions\/tcs-700-rotary-meter-with-gaspar-record\/"]}]},{"@type":"BreadcrumbList","@id":"https:\/\/www.mako.com.mx\/en\/gas-solutions\/tcs-700-rotary-meter-with-gaspar-record\/#breadcrumb","itemListElement":[{"@type":"ListItem","position":1,"name":"Portada","item":"https:\/\/www.mako.com.mx\/en\/"},{"@type":"ListItem","position":2,"name":""},{"@type":"ListItem","position":3,"name":"TCS 700 Rotary Meter with Gaspar Record"}]}]}},"_links":{"self":[{"href":"https:\/\/www.mako.com.mx\/en\/wp-json\/wp\/v2\/product\/76983"}],"collection":[{"href":"https:\/\/www.mako.com.mx\/en\/wp-json\/wp\/v2\/product"}],"about":[{"href":"https:\/\/www.mako.com.mx\/en\/wp-json\/wp\/v2\/types\/product"}],"replies":[{"embeddable":true,"href":"https:\/\/www.mako.com.mx\/en\/wp-json\/wp\/v2\/comments?post=76983"}],"wp:featuredmedia":[{"embeddable":true,"href":"https:\/\/www.mako.com.mx\/en\/wp-json\/wp\/v2\/media\/76975"}],"wp:attachment":[{"href":"https:\/\/www.mako.com.mx\/en\/wp-json\/wp\/v2\/media?parent=76983"}],"wp:term":[{"taxonomy":"product_cat","embeddable":true,"href":"https:\/\/www.mako.com.mx\/en\/wp-json\/wp\/v2\/product_cat?post=76983"},{"taxonomy":"product_tag","embeddable":true,"href":"https:\/\/www.mako.com.mx\/en\/wp-json\/wp\/v2\/product_tag?post=76983"}],"curies":[{"name":"wp","href":"https:\/\/api.w.org\/{rel}","templated":true}]}}